{"id":1037,"date":"2026-03-03T13:32:32","date_gmt":"2026-03-03T12:32:32","guid":{"rendered":"https:\/\/wachter.parts\/?page_id=1037"},"modified":"2026-03-26T11:48:25","modified_gmt":"2026-03-26T10:48:25","slug":"legal","status":"publish","type":"page","link":"https:\/\/wachter.parts\/en\/legal\/","title":{"rendered":"Legal notice"},"content":{"rendered":"\t\t<div data-elementor-type=\"wp-page\" data-elementor-id=\"1037\" class=\"elementor elementor-1037 elementor-137\" data-elementor-post-type=\"page\">\n\t\t\t\t<div class=\"elementor-element elementor-element-276300e e-flex e-con-boxed e-con e-parent\" data-id=\"276300e\" data-element_type=\"container\" data-e-type=\"container\">\n\t\t\t\t\t<div class=\"e-con-inner\">\n\t\t\t\t<div class=\"elementor-element elementor-element-0a101ec elementor-widget elementor-widget-heading\" data-id=\"0a101ec\" data-element_type=\"widget\" data-e-type=\"widget\" data-widget_type=\"heading.default\">\n\t\t\t\t\t<h1 class=\"elementor-heading-title elementor-size-default\">Legal notice<\/h1>\t\t\t\t<\/div>\n\t\t\t\t\t<\/div>\n\t\t\t\t<\/div>\n\t\t<div class=\"elementor-element elementor-element-bffcda7 e-flex e-con-boxed e-con e-parent\" data-id=\"bffcda7\" data-element_type=\"container\" data-e-type=\"container\">\n\t\t\t\t\t<div class=\"e-con-inner\">\n\t\t\t\t<div class=\"elementor-element elementor-element-ce6af61 elementor-widget elementor-widget-text-editor\" data-id=\"ce6af61\" data-element_type=\"widget\" data-e-type=\"widget\" custom_link=\"\" data-widget_type=\"text-editor.default\">\n\t\t\t\t\t\t\t\t\t<p>WPWA Team GmbH<br>Agentur f\u00fcr Marketing und Kommunikation<br>Sandstra\u00dfe 31<br>80335 M\u00fcnchen<\/p><p>Fon: <a href=\"tel:+4989125092330\">+49 89 12 50 923-30<\/a><br>Fax: +49 89 12 50 923-33<br><a href=\"mailto:info@wachter.parts\">info@wachter.parts<\/a><\/p><p>Sitz der Gesellschaft: M\u00fcnchen<br>Registergericht: Amtsgericht M\u00fcnchen, HRB 210255<br>Gesch\u00e4ftsf\u00fchrer: Sebastian Wachter<br>USt-IdNr.: DE294101699<br>Verantwortlich f\u00fcr den Inhalt nach \u00a7 6 Abs.1 MDStV und \u00a7 8 Abs.1 TDG: Sebastian Wachter  <\/p><p> <\/p><h4>Inhalt des Onlineangebotes<\/h4><p>Die WPWA Team GmbH selbst und die Informationszubringer sind stets bem\u00fcht, qualitativ hochwertige Informationen zur Verf\u00fcgung zu stellen. Trotzdem \u00fcbernimmt WPWA Team GmbH keinerlei Gew\u00e4hr f\u00fcr die Aktualit\u00e4t, Korrektheit, Vollst\u00e4ndigkeit oder Qualit\u00e4t der bereitgestellten Informationen. Haftungsanspr\u00fcche gegen WPWA Team GmbH, die sich auf Sch\u00e4den materieller oder ideeller Art beziehen, welche durch die Nutzung oder Nichtnutzung der dargebotenen Informationen bzw. durch die Nutzung fehlerhafter und unvollst\u00e4ndiger Informationen verursacht wurden, sind grunds\u00e4tzlich ausgeschlossen, sofern seitens WPWA Team GmbH kein nachweislich vors\u00e4tzliches oder grob fahrl\u00e4ssiges Verschulden vorliegt. Alle Angebote sind freibleibend und unverbindlich. WPWA Team GmbH beh\u00e4lt es sich ausdr\u00fccklich vor, Teile der Seiten oder das gesamte Angebot ohne gesonderte Ank\u00fcndigung zu ver\u00e4ndern, zu erg\u00e4nzen, zu l\u00f6schen oder die Ver\u00f6ffentlichung zeitweise oder endg\u00fcltig einzustellen.    <\/p><p> <\/p><h4>Externe Verweise und Links<\/h4><p>Sofern auf Verweisziele (&#8220;Links&#8221;) direkt oder indirekt verwiesen wird, die au\u00dferhalb des Verantwortungsbereiches von WPWA Team GmbH liegen, haftet WPWA Team GmbH nur dann, wenn WPWA Team GmbH von den Inhalten Kenntnis hat und es dem Unternehmen technisch m\u00f6glich und zumutbar w\u00e4re, die Nutzung im Falle rechtswidriger Inhalte zu verhindern. F\u00fcr dar\u00fcber hinausgehende Inhalte und insbesondere f\u00fcr Sch\u00e4den, die aus der Nutzung oder Nichtnutzung solcherart dargebotener Informationen entstehen, haftet allein der Anbieter dieser Seiten, nicht derjenige, der \u00fcber Links auf die jeweilige Ver\u00f6ffentlichung lediglich verweist. Diese Einschr\u00e4nkung gilt gleicherma\u00dfen auch f\u00fcr Fremdeintr\u00e4ge in von WPWA Team GmbH eingerichteten G\u00e4steb\u00fcchern, Diskussionsforen und Mailinglisten  <\/p><p> <\/p><h4>Urheberrecht<\/h4><p>WPWA Team GmbH ist bestrebt, in allen Publikationen die Urheberrechte der verwendeten Grafiken, Sounds und Texte zu beachten, von WPWA Team GmbH selbst erstellte Grafiken, Sounds und Texte zu nutzen oder auf lizenzfreie Grafiken, Sounds und Texte zur\u00fcckzugreifen. Sollte sich auf den jeweiligen Seiten dennoch eine ungekennzeichnete, aber durch fremdes Copyright gesch\u00fctzte Grafik, ein Sound oder Text befinden, so konnte das Copyright von WPWA Team GmbH nicht festgestellt werden. Im Falle einer solchen unbeabsichtigten Copyrightverletzung wird WPWA Team GmbH das entsprechende Objekt nach Benachrichtigung aus seiner Publikation entfernen bzw. mit dem entsprechenden Copyright kenntlich machen.  <\/p><p> <\/p><h4>Rechtswirksamkeit dieses Haftungsausschlusses<\/h4><ul><li>Dieser Haftungsausschluss ist als ein Teil des Internetangebotes von WPWA Team GmbH zu betrachten. Sofern Teile oder einzelne Formulierungen dieses Textes der geltenden Rechtslage nicht, nicht mehr oder nicht vollst\u00e4ndig entsprechen sollten, bleiben die \u00fcbrigen Teile dieser Erkl\u00e4rung in ihrem Inhalt und ihrer G\u00fcltigkeit davon unber\u00fchrt. <\/li><li>Plattform der EU-Kommission zur Online-Streitbeilegung: <a href=\"https:\/\/ec.europa.eu\/consumers\/odr\">Link<\/a><\/li><li>Wir sind zur Teilnahme an einem Streitbeilegungsverfahren vor einer Verbraucherschlichtungsstelle weder verpflichtet noch bereit.<\/li><li>Alle Angebote auf dieser Website sind freibleibend.<\/li><li>\u00c4nderungen sind vorbehalten und jederzeit m\u00f6glich.<\/li><li>Es gelten unsere allgemeinen Gesch\u00e4ftsbedingungen.<\/li><\/ul>\t\t\t\t\t\t\t\t<\/div>\n\t\t\t\t\t<\/div>\n\t\t\t\t<\/div>\n\t\t\t\t<\/div>\n\t\t","protected":false},"excerpt":{"rendered":"<p>Legal notice WPWA Team GmbHAgentur f\u00fcr Marketing und KommunikationSandstra\u00dfe 3180335 M\u00fcnchen Fon: +49 89 12 50 923-30Fax: +49 89 12 50 923-33info@wachter.parts Sitz der Gesellschaft: M\u00fcnchenRegistergericht: Amtsgericht M\u00fcnchen, HRB 210255Gesch\u00e4ftsf\u00fchrer: Sebastian WachterUSt-IdNr.: DE294101699Verantwortlich f\u00fcr den Inhalt nach \u00a7 6 Abs.1 MDStV und \u00a7 8 Abs.1 TDG: Sebastian Wachter Inhalt des Onlineangebotes Die WPWA Team GmbH [&hellip;]<\/p>\n","protected":false},"author":2,"featured_media":0,"parent":0,"menu_order":0,"comment_status":"closed","ping_status":"closed","template":"","meta":{"_acf_changed":false,"content-type":"","footnotes":""},"class_list":["post-1037","page","type-page","status-publish","hentry"],"acf":[],"yoast_head":"<!-- This site is optimized with the Yoast SEO Premium plugin v27.1 (Yoast SEO v27.5) - https:\/\/yoast.com\/product\/yoast-seo-premium-wordpress\/ -->\n<title>Legal - WACHTER PARTS<\/title>\n<meta name=\"robots\" content=\"noindex, follow\" \/>\n<meta property=\"og:locale\" content=\"en_US\" \/>\n<meta property=\"og:type\" content=\"article\" \/>\n<meta property=\"og:title\" content=\"Legal notice\" \/>\n<meta property=\"og:description\" content=\"Legal notice WPWA Team GmbHAgentur f\u00fcr Marketing und KommunikationSandstra\u00dfe 3180335 M\u00fcnchen Fon: +49 89 12 50 923-30Fax: +49 89 12 50 923-33info@wachter.parts Sitz der Gesellschaft: M\u00fcnchenRegistergericht: Amtsgericht M\u00fcnchen, HRB 210255Gesch\u00e4ftsf\u00fchrer: Sebastian WachterUSt-IdNr.: DE294101699Verantwortlich f\u00fcr den Inhalt nach \u00a7 6 Abs.1 MDStV und \u00a7 8 Abs.1 TDG: Sebastian Wachter Inhalt des Onlineangebotes Die WPWA Team GmbH [&hellip;]\" \/>\n<meta property=\"og:url\" content=\"https:\/\/wachter.parts\/en\/legal\/\" \/>\n<meta property=\"og:site_name\" content=\"WACHTER PARTS\" \/>\n<meta property=\"article:modified_time\" content=\"2026-03-26T10:48:25+00:00\" \/>\n<meta name=\"twitter:card\" content=\"summary_large_image\" \/>\n<meta name=\"twitter:label1\" content=\"Est. reading time\" \/>\n\t<meta name=\"twitter:data1\" content=\"3 minutes\" \/>\n<script type=\"application\/ld+json\" class=\"yoast-schema-graph\">{\"@context\":\"https:\\\/\\\/schema.org\",\"@graph\":[{\"@type\":\"WebPage\",\"@id\":\"https:\\\/\\\/wachter.parts\\\/en\\\/legal\\\/\",\"url\":\"https:\\\/\\\/wachter.parts\\\/en\\\/legal\\\/\",\"name\":\"Legal - WACHTER PARTS\",\"isPartOf\":{\"@id\":\"https:\\\/\\\/wachter.parts\\\/en\\\/#website\"},\"datePublished\":\"2026-03-03T12:32:32+00:00\",\"dateModified\":\"2026-03-26T10:48:25+00:00\",\"breadcrumb\":{\"@id\":\"https:\\\/\\\/wachter.parts\\\/en\\\/legal\\\/#breadcrumb\"},\"inLanguage\":\"en-US\",\"potentialAction\":[{\"@type\":\"ReadAction\",\"target\":[\"https:\\\/\\\/wachter.parts\\\/en\\\/legal\\\/\"]}]},{\"@type\":\"BreadcrumbList\",\"@id\":\"https:\\\/\\\/wachter.parts\\\/en\\\/legal\\\/#breadcrumb\",\"itemListElement\":[{\"@type\":\"ListItem\",\"position\":1,\"name\":\"Start\",\"item\":\"https:\\\/\\\/wachter.parts\\\/en\\\/\"},{\"@type\":\"ListItem\",\"position\":2,\"name\":\"Legal notice\"}]},{\"@type\":\"WebSite\",\"@id\":\"https:\\\/\\\/wachter.parts\\\/en\\\/#website\",\"url\":\"https:\\\/\\\/wachter.parts\\\/en\\\/\",\"name\":\"WACHTER PARTS\",\"description\":\"Kreativagentur in M\u00fcnchen\",\"publisher\":{\"@id\":\"https:\\\/\\\/wachter.parts\\\/en\\\/#organization\"},\"alternateName\":\"WACHTER PARTS\",\"potentialAction\":[{\"@type\":\"SearchAction\",\"target\":{\"@type\":\"EntryPoint\",\"urlTemplate\":\"https:\\\/\\\/wachter.parts\\\/en\\\/?s={search_term_string}\"},\"query-input\":{\"@type\":\"PropertyValueSpecification\",\"valueRequired\":true,\"valueName\":\"search_term_string\"}}],\"inLanguage\":\"en-US\"},{\"@type\":\"Organization\",\"@id\":\"https:\\\/\\\/wachter.parts\\\/en\\\/#organization\",\"name\":\"WACHTER PARTS\",\"alternateName\":\"WACHTER PARTS\",\"url\":\"https:\\\/\\\/wachter.parts\\\/en\\\/\",\"logo\":{\"@type\":\"ImageObject\",\"inLanguage\":\"en-US\",\"@id\":\"https:\\\/\\\/wachter.parts\\\/en\\\/#\\\/schema\\\/logo\\\/image\\\/\",\"url\":\"https:\\\/\\\/wachter.parts\\\/wp-content\\\/uploads\\\/2026\\\/03\\\/Logo_WachterParts_lila_RGB.webp\",\"contentUrl\":\"https:\\\/\\\/wachter.parts\\\/wp-content\\\/uploads\\\/2026\\\/03\\\/Logo_WachterParts_lila_RGB.webp\",\"width\":753,\"height\":261,\"caption\":\"WACHTER PARTS\"},\"image\":{\"@id\":\"https:\\\/\\\/wachter.parts\\\/en\\\/#\\\/schema\\\/logo\\\/image\\\/\"}}]}<\/script>\n<!-- \/ Yoast SEO Premium plugin. -->","yoast_head_json":{"title":"Legal - WACHTER PARTS","robots":{"index":"noindex","follow":"follow"},"og_locale":"en_US","og_type":"article","og_title":"Legal notice","og_description":"Legal notice WPWA Team GmbHAgentur f\u00fcr Marketing und KommunikationSandstra\u00dfe 3180335 M\u00fcnchen Fon: +49 89 12 50 923-30Fax: +49 89 12 50 923-33info@wachter.parts Sitz der Gesellschaft: M\u00fcnchenRegistergericht: Amtsgericht M\u00fcnchen, HRB 210255Gesch\u00e4ftsf\u00fchrer: Sebastian WachterUSt-IdNr.: DE294101699Verantwortlich f\u00fcr den Inhalt nach \u00a7 6 Abs.1 MDStV und \u00a7 8 Abs.1 TDG: Sebastian Wachter Inhalt des Onlineangebotes Die WPWA Team GmbH [&hellip;]","og_url":"https:\/\/wachter.parts\/en\/legal\/","og_site_name":"WACHTER PARTS","article_modified_time":"2026-03-26T10:48:25+00:00","twitter_card":"summary_large_image","twitter_misc":{"Est. reading time":"3 minutes"},"schema":{"@context":"https:\/\/schema.org","@graph":[{"@type":"WebPage","@id":"https:\/\/wachter.parts\/en\/legal\/","url":"https:\/\/wachter.parts\/en\/legal\/","name":"Legal - WACHTER PARTS","isPartOf":{"@id":"https:\/\/wachter.parts\/en\/#website"},"datePublished":"2026-03-03T12:32:32+00:00","dateModified":"2026-03-26T10:48:25+00:00","breadcrumb":{"@id":"https:\/\/wachter.parts\/en\/legal\/#breadcrumb"},"inLanguage":"en-US","potentialAction":[{"@type":"ReadAction","target":["https:\/\/wachter.parts\/en\/legal\/"]}]},{"@type":"BreadcrumbList","@id":"https:\/\/wachter.parts\/en\/legal\/#breadcrumb","itemListElement":[{"@type":"ListItem","position":1,"name":"Start","item":"https:\/\/wachter.parts\/en\/"},{"@type":"ListItem","position":2,"name":"Legal notice"}]},{"@type":"WebSite","@id":"https:\/\/wachter.parts\/en\/#website","url":"https:\/\/wachter.parts\/en\/","name":"WACHTER PARTS","description":"Kreativagentur in M\u00fcnchen","publisher":{"@id":"https:\/\/wachter.parts\/en\/#organization"},"alternateName":"WACHTER PARTS","potentialAction":[{"@type":"SearchAction","target":{"@type":"EntryPoint","urlTemplate":"https:\/\/wachter.parts\/en\/?s={search_term_string}"},"query-input":{"@type":"PropertyValueSpecification","valueRequired":true,"valueName":"search_term_string"}}],"inLanguage":"en-US"},{"@type":"Organization","@id":"https:\/\/wachter.parts\/en\/#organization","name":"WACHTER PARTS","alternateName":"WACHTER PARTS","url":"https:\/\/wachter.parts\/en\/","logo":{"@type":"ImageObject","inLanguage":"en-US","@id":"https:\/\/wachter.parts\/en\/#\/schema\/logo\/image\/","url":"https:\/\/wachter.parts\/wp-content\/uploads\/2026\/03\/Logo_WachterParts_lila_RGB.webp","contentUrl":"https:\/\/wachter.parts\/wp-content\/uploads\/2026\/03\/Logo_WachterParts_lila_RGB.webp","width":753,"height":261,"caption":"WACHTER PARTS"},"image":{"@id":"https:\/\/wachter.parts\/en\/#\/schema\/logo\/image\/"}}]}},"_links":{"self":[{"href":"https:\/\/wachter.parts\/en\/wp-json\/wp\/v2\/pages\/1037","targetHints":{"allow":["GET"]}}],"collection":[{"href":"https:\/\/wachter.parts\/en\/wp-json\/wp\/v2\/pages"}],"about":[{"href":"https:\/\/wachter.parts\/en\/wp-json\/wp\/v2\/types\/page"}],"author":[{"embeddable":true,"href":"https:\/\/wachter.parts\/en\/wp-json\/wp\/v2\/users\/2"}],"replies":[{"embeddable":true,"href":"https:\/\/wachter.parts\/en\/wp-json\/wp\/v2\/comments?post=1037"}],"version-history":[{"count":6,"href":"https:\/\/wachter.parts\/en\/wp-json\/wp\/v2\/pages\/1037\/revisions"}],"predecessor-version":[{"id":1856,"href":"https:\/\/wachter.parts\/en\/wp-json\/wp\/v2\/pages\/1037\/revisions\/1856"}],"wp:attachment":[{"href":"https:\/\/wachter.parts\/en\/wp-json\/wp\/v2\/media?parent=1037"}],"curies":[{"name":"wp","href":"https:\/\/api.w.org\/{rel}","templated":true}]}}